{"id":2375,"date":"2019-12-09T22:16:31","date_gmt":"2019-12-09T21:16:31","guid":{"rendered":"http:\/\/unionmusicaltorrellano.es\/?page_id=2375"},"modified":"2024-05-26T20:20:11","modified_gmt":"2024-05-26T18:20:11","slug":"oferta-formativa","status":"publish","type":"page","link":"https:\/\/unionmusicaltorrellano.es\/index.php\/oferta-formativa\/","title":{"rendered":"Oferta formativa"},"content":{"rendered":"\t\t<div data-elementor-type=\"wp-page\" data-elementor-id=\"2375\" class=\"elementor elementor-2375\">\n\t\t\t\t\t\t<section class=\"elementor-section elementor-top-section elementor-element elementor-element-22f7c10 elementor-section-boxed elementor-section-height-default elementor-section-height-default\" data-id=\"22f7c10\" data-element_type=\"section\" data-e-type=\"section\">\n\t\t\t\t\t\t<div class=\"elementor-container elementor-column-gap-default\">\n\t\t\t\t\t<div class=\"elementor-column elementor-col-100 elementor-top-column elementor-element elementor-element-c5ef545\" data-id=\"c5ef545\" data-element_type=\"column\" data-e-type=\"column\">\n\t\t\t<div class=\"elementor-widget-wrap elementor-element-populated\">\n\t\t\t\t\t\t<div class=\"elementor-element elementor-element-5b8c462 elementor-widget elementor-widget-image\" data-id=\"5b8c462\" data-element_type=\"widget\" data-e-type=\"widget\" data-widget_type=\"image.default\">\n\t\t\t\t<div class=\"elementor-widget-container\">\n\t\t\t\t\t\t\t\t\t\t\t\t\t\t\t<img fetchpriority=\"high\" decoding=\"async\" width=\"640\" height=\"905\" src=\"https:\/\/unionmusicaltorrellano.es\/wp-content\/uploads\/2024\/05\/oferta-formativa-724x1024.jpeg\" class=\"attachment-large size-large wp-image-4099\" alt=\"\" srcset=\"https:\/\/unionmusicaltorrellano.es\/wp-content\/uploads\/2024\/05\/oferta-formativa-724x1024.jpeg 724w, https:\/\/unionmusicaltorrellano.es\/wp-content\/uploads\/2024\/05\/oferta-formativa-212x300.jpeg 212w, https:\/\/unionmusicaltorrellano.es\/wp-content\/uploads\/2024\/05\/oferta-formativa-768x1086.jpeg 768w, https:\/\/unionmusicaltorrellano.es\/wp-content\/uploads\/2024\/05\/oferta-formativa-1086x1536.jpeg 1086w, https:\/\/unionmusicaltorrellano.es\/wp-content\/uploads\/2024\/05\/oferta-formativa.jpeg 1131w\" sizes=\"(max-width: 640px) 100vw, 640px\" \/>\t\t\t\t\t\t\t\t\t\t\t\t\t\t\t<\/div>\n\t\t\t\t<\/div>\n\t\t\t\t<div class=\"elementor-element elementor-element-282b4ca elementor-widget elementor-widget-image-gallery\" data-id=\"282b4ca\" data-element_type=\"widget\" data-e-type=\"widget\" data-widget_type=\"image-gallery.default\">\n\t\t\t\t<div class=\"elementor-widget-container\">\n\t\t\t\t\t\t\t<div class=\"elementor-image-gallery\">\n\t\t\t<div id='gallery-1' class='gallery galleryid-2375 gallery-columns-6 gallery-size-thumbnail'><figure class='gallery-item'>\n\t\t\t<div class='gallery-icon landscape'>\n\t\t\t\t<a data-elementor-open-lightbox=\"yes\" data-elementor-lightbox-slideshow=\"282b4ca\" data-elementor-lightbox-title=\"clari\" data-e-action-hash=\"#elementor-action%3Aaction%3Dlightbox%26settings%3DeyJpZCI6MjM3NywidXJsIjoiaHR0cHM6XC9cL3VuaW9ubXVzaWNhbHRvcnJlbGxhbm8uZXNcL3dwLWNvbnRlbnRcL3VwbG9hZHNcLzIwMTlcLzEyXC9jbGFyaS5wbmciLCJzbGlkZXNob3ciOiIyODJiNGNhIn0%3D\" href='https:\/\/unionmusicaltorrellano.es\/wp-content\/uploads\/2019\/12\/clari.png'><img decoding=\"async\" width=\"150\" height=\"150\" src=\"https:\/\/unionmusicaltorrellano.es\/wp-content\/uploads\/2019\/12\/clari-150x150.png\" class=\"attachment-thumbnail size-thumbnail\" alt=\"\" \/><\/a>\n\t\t\t<\/div><\/figure><figure class='gallery-item'>\n\t\t\t<div class='gallery-icon landscape'>\n\t\t\t\t<a data-elementor-open-lightbox=\"yes\" data-elementor-lightbox-slideshow=\"282b4ca\" data-elementor-lightbox-title=\"guitar-756326_960_720\" data-e-action-hash=\"#elementor-action%3Aaction%3Dlightbox%26settings%3DeyJpZCI6MjM3OCwidXJsIjoiaHR0cHM6XC9cL3VuaW9ubXVzaWNhbHRvcnJlbGxhbm8uZXNcL3dwLWNvbnRlbnRcL3VwbG9hZHNcLzIwMTlcLzEyXC9ndWl0YXItNzU2MzI2Xzk2MF83MjAucG5nIiwic2xpZGVzaG93IjoiMjgyYjRjYSJ9\" href='https:\/\/unionmusicaltorrellano.es\/wp-content\/uploads\/2019\/12\/guitar-756326_960_720.png'><img decoding=\"async\" width=\"150\" height=\"150\" src=\"https:\/\/unionmusicaltorrellano.es\/wp-content\/uploads\/2019\/12\/guitar-756326_960_720-150x150.png\" class=\"attachment-thumbnail size-thumbnail\" alt=\"\" \/><\/a>\n\t\t\t<\/div><\/figure><figure class='gallery-item'>\n\t\t\t<div class='gallery-icon landscape'>\n\t\t\t\t<a data-elementor-open-lightbox=\"yes\" data-elementor-lightbox-slideshow=\"282b4ca\" data-elementor-lightbox-title=\"music-3090204_960_720\" data-e-action-hash=\"#elementor-action%3Aaction%3Dlightbox%26settings%3DeyJpZCI6MjM3OSwidXJsIjoiaHR0cHM6XC9cL3VuaW9ubXVzaWNhbHRvcnJlbGxhbm8uZXNcL3dwLWNvbnRlbnRcL3VwbG9hZHNcLzIwMTlcLzEyXC9tdXNpYy0zMDkwMjA0Xzk2MF83MjAucG5nIiwic2xpZGVzaG93IjoiMjgyYjRjYSJ9\" href='https:\/\/unionmusicaltorrellano.es\/wp-content\/uploads\/2019\/12\/music-3090204_960_720.png'><img loading=\"lazy\" decoding=\"async\" width=\"150\" height=\"150\" src=\"https:\/\/unionmusicaltorrellano.es\/wp-content\/uploads\/2019\/12\/music-3090204_960_720-150x150.png\" class=\"attachment-thumbnail size-thumbnail\" alt=\"\" \/><\/a>\n\t\t\t<\/div><\/figure><figure class='gallery-item'>\n\t\t\t<div class='gallery-icon landscape'>\n\t\t\t\t<a data-elementor-open-lightbox=\"yes\" data-elementor-lightbox-slideshow=\"282b4ca\" data-elementor-lightbox-title=\"piano-801707_960_720\" data-e-action-hash=\"#elementor-action%3Aaction%3Dlightbox%26settings%3DeyJpZCI6MjM4MCwidXJsIjoiaHR0cHM6XC9cL3VuaW9ubXVzaWNhbHRvcnJlbGxhbm8uZXNcL3dwLWNvbnRlbnRcL3VwbG9hZHNcLzIwMTlcLzEyXC9waWFuby04MDE3MDdfOTYwXzcyMC5wbmciLCJzbGlkZXNob3ciOiIyODJiNGNhIn0%3D\" href='https:\/\/unionmusicaltorrellano.es\/wp-content\/uploads\/2019\/12\/piano-801707_960_720.png'><img loading=\"lazy\" decoding=\"async\" width=\"150\" height=\"150\" src=\"https:\/\/unionmusicaltorrellano.es\/wp-content\/uploads\/2019\/12\/piano-801707_960_720-150x150.png\" class=\"attachment-thumbnail size-thumbnail\" alt=\"\" \/><\/a>\n\t\t\t<\/div><\/figure><figure class='gallery-item'>\n\t\t\t<div class='gallery-icon landscape'>\n\t\t\t\t<a data-elementor-open-lightbox=\"yes\" data-elementor-lightbox-slideshow=\"282b4ca\" data-elementor-lightbox-title=\"saxophone-546303_960_720\" data-e-action-hash=\"#elementor-action%3Aaction%3Dlightbox%26settings%3DeyJpZCI6MjM4MSwidXJsIjoiaHR0cHM6XC9cL3VuaW9ubXVzaWNhbHRvcnJlbGxhbm8uZXNcL3dwLWNvbnRlbnRcL3VwbG9hZHNcLzIwMTlcLzEyXC9zYXhvcGhvbmUtNTQ2MzAzXzk2MF83MjAucG5nIiwic2xpZGVzaG93IjoiMjgyYjRjYSJ9\" href='https:\/\/unionmusicaltorrellano.es\/wp-content\/uploads\/2019\/12\/saxophone-546303_960_720.png'><img loading=\"lazy\" decoding=\"async\" width=\"150\" height=\"150\" src=\"https:\/\/unionmusicaltorrellano.es\/wp-content\/uploads\/2019\/12\/saxophone-546303_960_720-150x150.png\" class=\"attachment-thumbnail size-thumbnail\" alt=\"\" \/><\/a>\n\t\t\t<\/div><\/figure><figure class='gallery-item'>\n\t\t\t<div class='gallery-icon landscape'>\n\t\t\t\t<a data-elementor-open-lightbox=\"yes\" data-elementor-lightbox-slideshow=\"282b4ca\" data-elementor-lightbox-title=\"260px-Fagot\" data-e-action-hash=\"#elementor-action%3Aaction%3Dlightbox%26settings%3DeyJpZCI6MjM4MiwidXJsIjoiaHR0cHM6XC9cL3VuaW9ubXVzaWNhbHRvcnJlbGxhbm8uZXNcL3dwLWNvbnRlbnRcL3VwbG9hZHNcLzIwMTlcLzEyXC8yNjBweC1GYWdvdC5qcGVnIiwic2xpZGVzaG93IjoiMjgyYjRjYSJ9\" href='https:\/\/unionmusicaltorrellano.es\/wp-content\/uploads\/2019\/12\/260px-Fagot.jpeg'><img loading=\"lazy\" decoding=\"async\" width=\"150\" height=\"150\" src=\"https:\/\/unionmusicaltorrellano.es\/wp-content\/uploads\/2019\/12\/260px-Fagot-150x150.jpeg\" class=\"attachment-thumbnail size-thumbnail\" alt=\"\" \/><\/a>\n\t\t\t<\/div><\/figure>\n\t\t<\/div>\n\t\t<\/div>\n\t\t\t\t\t\t<\/div>\n\t\t\t\t<\/div>\n\t\t\t\t\t<\/div>\n\t\t<\/div>\n\t\t\t\t\t<\/div>\n\t\t<\/section>\n\t\t\t\t<section class=\"elementor-section elementor-top-section elementor-element elementor-element-bdc693e elementor-section-boxed elementor-section-height-default elementor-section-height-default\" data-id=\"bdc693e\" data-element_type=\"section\" data-e-type=\"section\">\n\t\t\t\t\t\t<div class=\"elementor-container elementor-column-gap-default\">\n\t\t\t\t\t<div class=\"elementor-column elementor-col-100 elementor-top-column elementor-element elementor-element-e564070\" data-id=\"e564070\" data-element_type=\"column\" data-e-type=\"column\">\n\t\t\t<div class=\"elementor-widget-wrap elementor-element-populated\">\n\t\t\t\t\t\t<div class=\"elementor-element elementor-element-52661ac elementor-widget elementor-widget-text-editor\" data-id=\"52661ac\" data-element_type=\"widget\" data-e-type=\"widget\" data-widget_type=\"text-editor.default\">\n\t\t\t\t<div class=\"elementor-widget-container\">\n\t\t\t\t\t\t\t\t\t<p>Somos una Asociaci\u00f3n Musical sin \u00e1nimo de lucro.<br><br>La banda UMT cuenta actualmente con una plantilla superior a los 40 m\u00fasicos, la mayor\u00eda de los cuales provienen de la escuela.<\/p>\n<p>Anualmente lleva a cabo la interpretaci\u00f3n de diversos conciertos, participa en las campa\u00f1as de Musica als Pobles y en los programas de Intercambios de la FSMCV.<\/p>\n<p>La UMT es una banda joven que, con esfuerzo e ilusi\u00f3n, amplia d\u00eda a d\u00eda su horizonte.<\/p>\t\t\t\t\t\t\t\t<\/div>\n\t\t\t\t<\/div>\n\t\t\t\t\t<\/div>\n\t\t<\/div>\n\t\t\t\t\t<\/div>\n\t\t<\/section>\n\t\t\t\t<\/div>\n\t\t","protected":false},"excerpt":{"rendered":"<p>Somos una Asociaci\u00f3n Musical sin \u00e1nimo de lucro. La banda UMT cuenta actualmente con una plantilla superior a los 40 m\u00fasicos, la mayor\u00eda de los cuales provienen de la escuela. Anualmente lleva a cabo la interpretaci\u00f3n de diversos conciertos, participa en las campa\u00f1as de Musica als Pobles y en los programas de Intercambios de la [&hellip;]<\/p>\n","protected":false},"author":1,"featured_media":0,"parent":0,"menu_order":0,"comment_status":"closed","ping_status":"closed","template":"","meta":{"footnotes":""},"class_list":["post-2375","page","type-page","status-publish","hentry"],"yoast_head":"<!-- This site is optimized with the Yoast SEO plugin v27.4 - https:\/\/yoast.com\/product\/yoast-seo-wordpress\/ -->\n<title>Oferta formativa - Uni\u00f3n Musical de Torrellano<\/title>\n<meta name=\"description\" content=\"Union Musical de Torrellano con escuela y banda\" \/>\n<meta name=\"robots\" content=\"index, follow, max-snippet:-1, max-image-preview:large, max-video-preview:-1\" \/>\n<link rel=\"canonical\" href=\"https:\/\/unionmusicaltorrellano.es\/index.php\/oferta-formativa\/\" \/>\n<meta property=\"og:locale\" content=\"es_ES\" \/>\n<meta property=\"og:type\" content=\"article\" \/>\n<meta property=\"og:title\" content=\"Oferta formativa - Uni\u00f3n Musical de Torrellano\" \/>\n<meta property=\"og:description\" content=\"Union Musical de Torrellano con escuela y banda\" \/>\n<meta property=\"og:url\" content=\"https:\/\/unionmusicaltorrellano.es\/index.php\/oferta-formativa\/\" \/>\n<meta property=\"og:site_name\" content=\"Uni\u00f3n Musical de Torrellano\" \/>\n<meta property=\"article:publisher\" content=\"https:\/\/www.facebook.com\/umttorrellano\/\" \/>\n<meta property=\"article:modified_time\" content=\"2024-05-26T18:20:11+00:00\" \/>\n<meta property=\"og:image\" content=\"http:\/\/unionmusicaltorrellano.es\/wp-content\/uploads\/2024\/05\/oferta-formativa-724x1024.jpeg\" \/>\n<meta name=\"twitter:card\" content=\"summary_large_image\" \/>\n<meta name=\"twitter:label1\" content=\"Tiempo de lectura\" \/>\n\t<meta name=\"twitter:data1\" content=\"2 minutos\" \/>\n<script type=\"application\/ld+json\" class=\"yoast-schema-graph\">{\"@context\":\"https:\\\/\\\/schema.org\",\"@graph\":[{\"@type\":\"WebPage\",\"@id\":\"https:\\\/\\\/unionmusicaltorrellano.es\\\/index.php\\\/oferta-formativa\\\/\",\"url\":\"https:\\\/\\\/unionmusicaltorrellano.es\\\/index.php\\\/oferta-formativa\\\/\",\"name\":\"Oferta formativa - Uni\u00f3n Musical de Torrellano\",\"isPartOf\":{\"@id\":\"https:\\\/\\\/unionmusicaltorrellano.es\\\/#website\"},\"primaryImageOfPage\":{\"@id\":\"https:\\\/\\\/unionmusicaltorrellano.es\\\/index.php\\\/oferta-formativa\\\/#primaryimage\"},\"image\":{\"@id\":\"https:\\\/\\\/unionmusicaltorrellano.es\\\/index.php\\\/oferta-formativa\\\/#primaryimage\"},\"thumbnailUrl\":\"http:\\\/\\\/unionmusicaltorrellano.es\\\/wp-content\\\/uploads\\\/2024\\\/05\\\/oferta-formativa-724x1024.jpeg\",\"datePublished\":\"2019-12-09T21:16:31+00:00\",\"dateModified\":\"2024-05-26T18:20:11+00:00\",\"description\":\"Union Musical de Torrellano con escuela y banda\",\"breadcrumb\":{\"@id\":\"https:\\\/\\\/unionmusicaltorrellano.es\\\/index.php\\\/oferta-formativa\\\/#breadcrumb\"},\"inLanguage\":\"es\",\"potentialAction\":[{\"@type\":\"ReadAction\",\"target\":[\"https:\\\/\\\/unionmusicaltorrellano.es\\\/index.php\\\/oferta-formativa\\\/\"]}]},{\"@type\":\"ImageObject\",\"inLanguage\":\"es\",\"@id\":\"https:\\\/\\\/unionmusicaltorrellano.es\\\/index.php\\\/oferta-formativa\\\/#primaryimage\",\"url\":\"https:\\\/\\\/unionmusicaltorrellano.es\\\/wp-content\\\/uploads\\\/2024\\\/05\\\/oferta-formativa.jpeg\",\"contentUrl\":\"https:\\\/\\\/unionmusicaltorrellano.es\\\/wp-content\\\/uploads\\\/2024\\\/05\\\/oferta-formativa.jpeg\",\"width\":1131,\"height\":1600},{\"@type\":\"BreadcrumbList\",\"@id\":\"https:\\\/\\\/unionmusicaltorrellano.es\\\/index.php\\\/oferta-formativa\\\/#breadcrumb\",\"itemListElement\":[{\"@type\":\"ListItem\",\"position\":1,\"name\":\"Portada\",\"item\":\"https:\\\/\\\/unionmusicaltorrellano.es\\\/\"},{\"@type\":\"ListItem\",\"position\":2,\"name\":\"Oferta formativa\"}]},{\"@type\":\"WebSite\",\"@id\":\"https:\\\/\\\/unionmusicaltorrellano.es\\\/#website\",\"url\":\"https:\\\/\\\/unionmusicaltorrellano.es\\\/\",\"name\":\"Uni\u00f3n Musical de Torrellano\",\"description\":\"Banda y Escuela de M\u00fasica de Torrellano\",\"publisher\":{\"@id\":\"https:\\\/\\\/unionmusicaltorrellano.es\\\/#organization\"},\"potentialAction\":[{\"@type\":\"SearchAction\",\"target\":{\"@type\":\"EntryPoint\",\"urlTemplate\":\"https:\\\/\\\/unionmusicaltorrellano.es\\\/?s={search_term_string}\"},\"query-input\":{\"@type\":\"PropertyValueSpecification\",\"valueRequired\":true,\"valueName\":\"search_term_string\"}}],\"inLanguage\":\"es\"},{\"@type\":\"Organization\",\"@id\":\"https:\\\/\\\/unionmusicaltorrellano.es\\\/#organization\",\"name\":\"Union Musical de Torrellano\",\"url\":\"https:\\\/\\\/unionmusicaltorrellano.es\\\/\",\"logo\":{\"@type\":\"ImageObject\",\"inLanguage\":\"es\",\"@id\":\"https:\\\/\\\/unionmusicaltorrellano.es\\\/#\\\/schema\\\/logo\\\/image\\\/\",\"url\":\"http:\\\/\\\/unionmusicaltorrellano.es\\\/wp-content\\\/uploads\\\/2019\\\/11\\\/logo2.png\",\"contentUrl\":\"http:\\\/\\\/unionmusicaltorrellano.es\\\/wp-content\\\/uploads\\\/2019\\\/11\\\/logo2.png\",\"width\":159,\"height\":180,\"caption\":\"Union Musical de Torrellano\"},\"image\":{\"@id\":\"https:\\\/\\\/unionmusicaltorrellano.es\\\/#\\\/schema\\\/logo\\\/image\\\/\"},\"sameAs\":[\"https:\\\/\\\/www.facebook.com\\\/umttorrellano\\\/\",\"https:\\\/\\\/www.instagram.com\\\/unionmusicaltorrellano\\\/\"]}]}<\/script>\n<!-- \/ Yoast SEO plugin. -->","yoast_head_json":{"title":"Oferta formativa - Uni\u00f3n Musical de Torrellano","description":"Union Musical de Torrellano con escuela y banda","robots":{"index":"index","follow":"follow","max-snippet":"max-snippet:-1","max-image-preview":"max-image-preview:large","max-video-preview":"max-video-preview:-1"},"canonical":"https:\/\/unionmusicaltorrellano.es\/index.php\/oferta-formativa\/","og_locale":"es_ES","og_type":"article","og_title":"Oferta formativa - Uni\u00f3n Musical de Torrellano","og_description":"Union Musical de Torrellano con escuela y banda","og_url":"https:\/\/unionmusicaltorrellano.es\/index.php\/oferta-formativa\/","og_site_name":"Uni\u00f3n Musical de Torrellano","article_publisher":"https:\/\/www.facebook.com\/umttorrellano\/","article_modified_time":"2024-05-26T18:20:11+00:00","og_image":[{"url":"http:\/\/unionmusicaltorrellano.es\/wp-content\/uploads\/2024\/05\/oferta-formativa-724x1024.jpeg","type":"","width":"","height":""}],"twitter_card":"summary_large_image","twitter_misc":{"Tiempo de lectura":"2 minutos"},"schema":{"@context":"https:\/\/schema.org","@graph":[{"@type":"WebPage","@id":"https:\/\/unionmusicaltorrellano.es\/index.php\/oferta-formativa\/","url":"https:\/\/unionmusicaltorrellano.es\/index.php\/oferta-formativa\/","name":"Oferta formativa - Uni\u00f3n Musical de Torrellano","isPartOf":{"@id":"https:\/\/unionmusicaltorrellano.es\/#website"},"primaryImageOfPage":{"@id":"https:\/\/unionmusicaltorrellano.es\/index.php\/oferta-formativa\/#primaryimage"},"image":{"@id":"https:\/\/unionmusicaltorrellano.es\/index.php\/oferta-formativa\/#primaryimage"},"thumbnailUrl":"http:\/\/unionmusicaltorrellano.es\/wp-content\/uploads\/2024\/05\/oferta-formativa-724x1024.jpeg","datePublished":"2019-12-09T21:16:31+00:00","dateModified":"2024-05-26T18:20:11+00:00","description":"Union Musical de Torrellano con escuela y banda","breadcrumb":{"@id":"https:\/\/unionmusicaltorrellano.es\/index.php\/oferta-formativa\/#breadcrumb"},"inLanguage":"es","potentialAction":[{"@type":"ReadAction","target":["https:\/\/unionmusicaltorrellano.es\/index.php\/oferta-formativa\/"]}]},{"@type":"ImageObject","inLanguage":"es","@id":"https:\/\/unionmusicaltorrellano.es\/index.php\/oferta-formativa\/#primaryimage","url":"https:\/\/unionmusicaltorrellano.es\/wp-content\/uploads\/2024\/05\/oferta-formativa.jpeg","contentUrl":"https:\/\/unionmusicaltorrellano.es\/wp-content\/uploads\/2024\/05\/oferta-formativa.jpeg","width":1131,"height":1600},{"@type":"BreadcrumbList","@id":"https:\/\/unionmusicaltorrellano.es\/index.php\/oferta-formativa\/#breadcrumb","itemListElement":[{"@type":"ListItem","position":1,"name":"Portada","item":"https:\/\/unionmusicaltorrellano.es\/"},{"@type":"ListItem","position":2,"name":"Oferta formativa"}]},{"@type":"WebSite","@id":"https:\/\/unionmusicaltorrellano.es\/#website","url":"https:\/\/unionmusicaltorrellano.es\/","name":"Uni\u00f3n Musical de Torrellano","description":"Banda y Escuela de M\u00fasica de Torrellano","publisher":{"@id":"https:\/\/unionmusicaltorrellano.es\/#organization"},"potentialAction":[{"@type":"SearchAction","target":{"@type":"EntryPoint","urlTemplate":"https:\/\/unionmusicaltorrellano.es\/?s={search_term_string}"},"query-input":{"@type":"PropertyValueSpecification","valueRequired":true,"valueName":"search_term_string"}}],"inLanguage":"es"},{"@type":"Organization","@id":"https:\/\/unionmusicaltorrellano.es\/#organization","name":"Union Musical de Torrellano","url":"https:\/\/unionmusicaltorrellano.es\/","logo":{"@type":"ImageObject","inLanguage":"es","@id":"https:\/\/unionmusicaltorrellano.es\/#\/schema\/logo\/image\/","url":"http:\/\/unionmusicaltorrellano.es\/wp-content\/uploads\/2019\/11\/logo2.png","contentUrl":"http:\/\/unionmusicaltorrellano.es\/wp-content\/uploads\/2019\/11\/logo2.png","width":159,"height":180,"caption":"Union Musical de Torrellano"},"image":{"@id":"https:\/\/unionmusicaltorrellano.es\/#\/schema\/logo\/image\/"},"sameAs":["https:\/\/www.facebook.com\/umttorrellano\/","https:\/\/www.instagram.com\/unionmusicaltorrellano\/"]}]}},"_links":{"self":[{"href":"https:\/\/unionmusicaltorrellano.es\/index.php\/wp-json\/wp\/v2\/pages\/2375","targetHints":{"allow":["GET"]}}],"collection":[{"href":"https:\/\/unionmusicaltorrellano.es\/index.php\/wp-json\/wp\/v2\/pages"}],"about":[{"href":"https:\/\/unionmusicaltorrellano.es\/index.php\/wp-json\/wp\/v2\/types\/page"}],"author":[{"embeddable":true,"href":"https:\/\/unionmusicaltorrellano.es\/index.php\/wp-json\/wp\/v2\/users\/1"}],"replies":[{"embeddable":true,"href":"https:\/\/unionmusicaltorrellano.es\/index.php\/wp-json\/wp\/v2\/comments?post=2375"}],"version-history":[{"count":13,"href":"https:\/\/unionmusicaltorrellano.es\/index.php\/wp-json\/wp\/v2\/pages\/2375\/revisions"}],"predecessor-version":[{"id":4105,"href":"https:\/\/unionmusicaltorrellano.es\/index.php\/wp-json\/wp\/v2\/pages\/2375\/revisions\/4105"}],"wp:attachment":[{"href":"https:\/\/unionmusicaltorrellano.es\/index.php\/wp-json\/wp\/v2\/media?parent=2375"}],"curies":[{"name":"wp","href":"https:\/\/api.w.org\/{rel}","templated":true}]}}