{"id":2367,"date":"2019-12-09T21:54:42","date_gmt":"2019-12-09T20:54:42","guid":{"rendered":"http:\/\/unionmusicaltorrellano.es\/?page_id=2367"},"modified":"2024-05-26T20:49:53","modified_gmt":"2024-05-26T18:49:53","slug":"director","status":"publish","type":"page","link":"https:\/\/unionmusicaltorrellano.es\/index.php\/director\/","title":{"rendered":"Director"},"content":{"rendered":"\t\t<div data-elementor-type=\"wp-page\" data-elementor-id=\"2367\" class=\"elementor elementor-2367\">\n\t\t\t\t\t\t<section class=\"elementor-section elementor-top-section elementor-element elementor-element-11907cf elementor-section-boxed elementor-section-height-default elementor-section-height-default\" data-id=\"11907cf\" data-element_type=\"section\" data-e-type=\"section\">\n\t\t\t\t\t\t<div class=\"elementor-container elementor-column-gap-default\">\n\t\t\t\t\t<div class=\"elementor-column elementor-col-100 elementor-top-column elementor-element elementor-element-87eac91\" data-id=\"87eac91\" data-element_type=\"column\" data-e-type=\"column\">\n\t\t\t<div class=\"elementor-widget-wrap elementor-element-populated\">\n\t\t\t\t\t\t<div class=\"elementor-element elementor-element-14352ed elementor-widget elementor-widget-heading\" data-id=\"14352ed\" data-element_type=\"widget\" data-e-type=\"widget\" data-widget_type=\"heading.default\">\n\t\t\t\t<div class=\"elementor-widget-container\">\n\t\t\t\t\t<h2 class=\"elementor-heading-title elementor-size-default\">D. Andr\u00e9s Colomina Bernabeu<\/h2>\t\t\t\t<\/div>\n\t\t\t\t<\/div>\n\t\t\t\t\t<\/div>\n\t\t<\/div>\n\t\t\t\t\t<\/div>\n\t\t<\/section>\n\t\t\t\t<section class=\"elementor-section elementor-top-section elementor-element elementor-element-0581c9a elementor-section-boxed elementor-section-height-default elementor-section-height-default\" data-id=\"0581c9a\" data-element_type=\"section\" data-e-type=\"section\">\n\t\t\t\t\t\t<div class=\"elementor-container elementor-column-gap-default\">\n\t\t\t\t\t<div class=\"elementor-column elementor-col-100 elementor-top-column elementor-element elementor-element-758c47b\" data-id=\"758c47b\" data-element_type=\"column\" data-e-type=\"column\">\n\t\t\t<div class=\"elementor-widget-wrap elementor-element-populated\">\n\t\t\t\t\t\t<div class=\"elementor-element elementor-element-ab3a2ed elementor-widget elementor-widget-image\" data-id=\"ab3a2ed\" data-element_type=\"widget\" data-e-type=\"widget\" data-widget_type=\"image.default\">\n\t\t\t\t<div class=\"elementor-widget-container\">\n\t\t\t\t\t\t\t\t\t\t\t\t\t\t\t<img decoding=\"async\" src=\"https:\/\/unionmusicaltorrellano.es\/wp-content\/uploads\/2024\/05\/andres.jpg\" title=\"andr\u00e9s\" alt=\"andr\u00e9s\" loading=\"lazy\" \/>\t\t\t\t\t\t\t\t\t\t\t\t\t\t\t<\/div>\n\t\t\t\t<\/div>\n\t\t\t\t\t<\/div>\n\t\t<\/div>\n\t\t\t\t\t<\/div>\n\t\t<\/section>\n\t\t\t\t<section class=\"elementor-section elementor-top-section elementor-element elementor-element-97bdd78 elementor-section-boxed elementor-section-height-default elementor-section-height-default\" data-id=\"97bdd78\" data-element_type=\"section\" data-e-type=\"section\">\n\t\t\t\t\t\t<div class=\"elementor-container elementor-column-gap-default\">\n\t\t\t\t\t<div class=\"elementor-column elementor-col-100 elementor-top-column elementor-element elementor-element-74774bc\" data-id=\"74774bc\" data-element_type=\"column\" data-e-type=\"column\">\n\t\t\t<div class=\"elementor-widget-wrap elementor-element-populated\">\n\t\t\t\t\t\t<div class=\"elementor-element elementor-element-4d49a02 elementor-widget elementor-widget-text-editor\" data-id=\"4d49a02\" data-element_type=\"widget\" data-e-type=\"widget\" data-widget_type=\"text-editor.default\">\n\t\t\t\t<div class=\"elementor-widget-container\">\n\t\t\t\t\t\t\t\t\t<div>Nace en Alicante en 1973. Inicia sus estudios musicales en el conservatorio de Oscar Espl\u00e1 de Alicante en la especialidad de trompa, pas\u00e1ndose poco tiempo despu\u00e9s a la tuba. Prosigue su aprendizaje musical en los conservatorios \u201cRafael Rodr\u00edguez Albert\u201d de Mutxamel y \u201cJ. P\u00e9rez Barcel\u00f3\u201d de Benidorm, con el profesor Jordi Peir\u00f3, continuando su formaci\u00f3n con el profesor Agust\u00edn Saez Salvador.<\/div><div>\u00a0<\/div><div>En junio de 2002, obtiene el t\u00edtulo de profesor superior de tuba en el conservatorio superior \u201cOscar Espl\u00e1\u201d de Alicante, con el profesor Juan Palacios.<\/div><div>\u00a0<\/div><div>Ha asistido a numerosos cursos y clases magistrales de tuba con prestigiosos profesores y solistas internacionales como: Mel Culbertson, Robert Childs, Roger Berents, J.M. Mi\u00f1ana, Vicente L\u00f3pez, David Zambon y Martin Erikson.<\/div><div>\u00a0<\/div><div>Ha realizado conciertos con prestigiosas agrupaciones de la provincia de Alicante destacando a la Banda Sinf\u00f3nica Municipal de Alicante, Orquesta Sinf\u00f3nica Oscar Espl\u00e1, Orquesta Prom\u00fasica, Orquesta Sinf\u00f3nica de Alicante, etc.<\/div><div>\u00a0<\/div><div>En 1998 funda la Banda Juvenil de la SCD Carolinas de Alicante, estando al frente de \u00e9sta y siendo profesor de su escuela de educandos hasta 2005. En el a\u00f1o 2000, crea junto a otros cuatro m\u00fasicos el Quintet de Metalls \u201cLLOIXA\u201d. En septiembre de 2005, junto a un grupo de m\u00fasicos y amigos funda L&#8217;HARMONIA Societat Musical Alacant. Como Tubista en esta banda, ha obtenido numerosos premios en diversos cert\u00e1menes, destacando la Menci\u00f3n de Honor en los cert\u00e1menes provinciales de 2008, 2017 y 2022 y en el auton\u00f3mico de 2008.<\/div><div>\u00a0<\/div><div>En el campo de la direcci\u00f3n ha participado en cursos de direcci\u00f3n de banda y orquesta organizados por la sociedad musical \u201cLa Alianza\u201d de Mutxamel con los directores Francesc Cabrelles y Joan Espinosa en julio de 2003 y con el maestro italiano Mo. Giampaolo Lazzeri en 2005. Desde 2007 hasta 2010, estudia direcci\u00f3n de banda con los Maestros Jos\u00e9 Rafael Pascual Vilaplana y Ram\u00f3n Garc\u00eda i Soler en los cursos de direcci\u00f3n de Banda organizados por la Universidad Polit\u00e9cnica de Valencia y Les Joventuts Musicals de la Vall d\u2019Albaida. En octubre de 2021 realiza un curso de direcci\u00f3n de orquesta con el director Cristobal Soler, organizado por la FSMCV.<\/div><div>\u00a0<\/div><div>Ha participado en diversos congresos relacionados con la m\u00fasica festera y ha publicado gran cantidad de art\u00edculos en diversas publicaciones sobre la m\u00fasica festera. As\u00ed mismo, ha sido requerido para realizar seminarios y conferencias en el Instituto de Cultura \u201cJuan Gil &#8211; Albert\u201d y en la AUNEX (Aulas Universitarias de la Experiencia) de la Universidad Miguel Hern\u00e1ndez.<\/div><div>\u00a0<\/div><div>En junio de 2003 se hace cargo de la direcci\u00f3n de la Societat Recreativa Musical d\u2019Altea la Vella, habiendo dirigido hasta la fecha m\u00e1s de un centenar de conciertos. Ha actuado tambi\u00e9n como director invitado en las Bandas de la S.C.D Carolinas de Alicante (2004), la S. M. \u201cLaEsperanza\u201d de Sant Vicent del Raspeig (2008), Banda del Conservatorio Profesional de Altea (2012), Uni\u00f3 Musical de La Nucia (2020) y L\u2019HARMONIA Societat Musical d\u2019Alacant (2022). El 3 de abril 2011 al frente de la Societat Recreativa Musical d\u2019Altea la Vella, particip\u00f3 en el LV Certamen de Bandas de la Excma. Diputaci\u00f3n Provincial de Alicante en la 3\u00aa secci\u00f3n, obteniendo un 2\u00ba Premio. Ese mismo a\u00f1o participan en el II Certamen Nacional de Bandas de M\u00fasica de Cine \u201cCiudad de Cullera\u201d. En enero de 2012, es nombrado director de la Uni\u00f3 Musical d\u2019Ibi, con esta banda ha estrenado gran cantidad de obras de m\u00fasica festera y ha actuado con artistas de la talla de Pep Gimeno \u201cBotifarra\u201d, Celtas Cortos o Los Secretos. En julio de 2017 particip\u00f3 en el 130\u00ba Certamen Internacional Ciudad de Valencia y en julio de 2018 volvi\u00f3 a participar en dicho certamen al frente se la S.R.M de Altea la Vella con muy buenas cr\u00edticas pese a no obtener premio.<\/div><div>\u00a0<\/div><div>Actualmente es profesor de m\u00fasica de Ense\u00f1anza Secundaria Obligatoria en la Fundaci\u00f3n San Juan y San Pablo de Ibi (Alicante) y profesor de tuba en la Sociedad Musical \u201cRuperto Chap\u00ed\u201d de Villena. Esta actividad docente la compagina con la direcci\u00f3n art\u00edstica de la Societat Recreativa Musical d\u2019Altea la Vella desde hace casi 20 a\u00f1os.<\/div>\t\t\t\t\t\t\t\t<\/div>\n\t\t\t\t<\/div>\n\t\t\t\t\t<\/div>\n\t\t<\/div>\n\t\t\t\t\t<\/div>\n\t\t<\/section>\n\t\t\t\t<\/div>\n\t\t","protected":false},"excerpt":{"rendered":"<p>D. Andr\u00e9s Colomina Bernabeu Nace en Alicante en 1973. Inicia sus estudios musicales en el conservatorio de Oscar Espl\u00e1 de Alicante en la especialidad de trompa, pas\u00e1ndose poco tiempo despu\u00e9s a la tuba. Prosigue su aprendizaje musical en los conservatorios \u201cRafael Rodr\u00edguez Albert\u201d de Mutxamel y \u201cJ. P\u00e9rez Barcel\u00f3\u201d de Benidorm, con el profesor Jordi [&hellip;]<\/p>\n","protected":false},"author":1,"featured_media":0,"parent":0,"menu_order":0,"comment_status":"closed","ping_status":"closed","template":"","meta":{"footnotes":""},"class_list":["post-2367","page","type-page","status-publish","hentry"],"yoast_head":"<!-- This site is optimized with the Yoast SEO plugin v27.4 - https:\/\/yoast.com\/product\/yoast-seo-wordpress\/ -->\n<title>Director - Uni\u00f3n Musical de Torrellano<\/title>\n<meta name=\"description\" content=\"Union Musical de Torrellano con escuela y banda\" \/>\n<meta name=\"robots\" content=\"index, follow, max-snippet:-1, max-image-preview:large, max-video-preview:-1\" \/>\n<link rel=\"canonical\" href=\"https:\/\/unionmusicaltorrellano.es\/index.php\/director\/\" \/>\n<meta property=\"og:locale\" content=\"es_ES\" \/>\n<meta property=\"og:type\" content=\"article\" \/>\n<meta property=\"og:title\" content=\"Director - Uni\u00f3n Musical de Torrellano\" \/>\n<meta property=\"og:description\" content=\"Union Musical de Torrellano con escuela y banda\" \/>\n<meta property=\"og:url\" content=\"https:\/\/unionmusicaltorrellano.es\/index.php\/director\/\" \/>\n<meta property=\"og:site_name\" content=\"Uni\u00f3n Musical de Torrellano\" \/>\n<meta property=\"article:publisher\" content=\"https:\/\/www.facebook.com\/umttorrellano\/\" \/>\n<meta property=\"article:modified_time\" content=\"2024-05-26T18:49:53+00:00\" \/>\n<meta property=\"og:image\" content=\"http:\/\/unionmusicaltorrellano.es\/wp-content\/uploads\/elementor\/thumbs\/andres-qoqpik7sgc49ls91l72dxz1i1zyze7phcbxv6g680k.jpg\" \/>\n<meta name=\"twitter:card\" content=\"summary_large_image\" \/>\n<meta name=\"twitter:label1\" content=\"Tiempo de lectura\" \/>\n\t<meta name=\"twitter:data1\" content=\"4 minutos\" \/>\n<script type=\"application\/ld+json\" class=\"yoast-schema-graph\">{\"@context\":\"https:\\\/\\\/schema.org\",\"@graph\":[{\"@type\":\"WebPage\",\"@id\":\"https:\\\/\\\/unionmusicaltorrellano.es\\\/index.php\\\/director\\\/\",\"url\":\"https:\\\/\\\/unionmusicaltorrellano.es\\\/index.php\\\/director\\\/\",\"name\":\"Director - Uni\u00f3n Musical de Torrellano\",\"isPartOf\":{\"@id\":\"https:\\\/\\\/unionmusicaltorrellano.es\\\/#website\"},\"primaryImageOfPage\":{\"@id\":\"https:\\\/\\\/unionmusicaltorrellano.es\\\/index.php\\\/director\\\/#primaryimage\"},\"image\":{\"@id\":\"https:\\\/\\\/unionmusicaltorrellano.es\\\/index.php\\\/director\\\/#primaryimage\"},\"thumbnailUrl\":\"http:\\\/\\\/unionmusicaltorrellano.es\\\/wp-content\\\/uploads\\\/elementor\\\/thumbs\\\/andres-qoqpik7sgc49ls91l72dxz1i1zyze7phcbxv6g680k.jpg\",\"datePublished\":\"2019-12-09T20:54:42+00:00\",\"dateModified\":\"2024-05-26T18:49:53+00:00\",\"description\":\"Union Musical de Torrellano con escuela y banda\",\"breadcrumb\":{\"@id\":\"https:\\\/\\\/unionmusicaltorrellano.es\\\/index.php\\\/director\\\/#breadcrumb\"},\"inLanguage\":\"es\",\"potentialAction\":[{\"@type\":\"ReadAction\",\"target\":[\"https:\\\/\\\/unionmusicaltorrellano.es\\\/index.php\\\/director\\\/\"]}]},{\"@type\":\"ImageObject\",\"inLanguage\":\"es\",\"@id\":\"https:\\\/\\\/unionmusicaltorrellano.es\\\/index.php\\\/director\\\/#primaryimage\",\"url\":\"http:\\\/\\\/unionmusicaltorrellano.es\\\/wp-content\\\/uploads\\\/elementor\\\/thumbs\\\/andres-qoqpik7sgc49ls91l72dxz1i1zyze7phcbxv6g680k.jpg\",\"contentUrl\":\"http:\\\/\\\/unionmusicaltorrellano.es\\\/wp-content\\\/uploads\\\/elementor\\\/thumbs\\\/andres-qoqpik7sgc49ls91l72dxz1i1zyze7phcbxv6g680k.jpg\"},{\"@type\":\"BreadcrumbList\",\"@id\":\"https:\\\/\\\/unionmusicaltorrellano.es\\\/index.php\\\/director\\\/#breadcrumb\",\"itemListElement\":[{\"@type\":\"ListItem\",\"position\":1,\"name\":\"Portada\",\"item\":\"https:\\\/\\\/unionmusicaltorrellano.es\\\/\"},{\"@type\":\"ListItem\",\"position\":2,\"name\":\"Director\"}]},{\"@type\":\"WebSite\",\"@id\":\"https:\\\/\\\/unionmusicaltorrellano.es\\\/#website\",\"url\":\"https:\\\/\\\/unionmusicaltorrellano.es\\\/\",\"name\":\"Uni\u00f3n Musical de Torrellano\",\"description\":\"Banda y Escuela de M\u00fasica de Torrellano\",\"publisher\":{\"@id\":\"https:\\\/\\\/unionmusicaltorrellano.es\\\/#organization\"},\"potentialAction\":[{\"@type\":\"SearchAction\",\"target\":{\"@type\":\"EntryPoint\",\"urlTemplate\":\"https:\\\/\\\/unionmusicaltorrellano.es\\\/?s={search_term_string}\"},\"query-input\":{\"@type\":\"PropertyValueSpecification\",\"valueRequired\":true,\"valueName\":\"search_term_string\"}}],\"inLanguage\":\"es\"},{\"@type\":\"Organization\",\"@id\":\"https:\\\/\\\/unionmusicaltorrellano.es\\\/#organization\",\"name\":\"Union Musical de Torrellano\",\"url\":\"https:\\\/\\\/unionmusicaltorrellano.es\\\/\",\"logo\":{\"@type\":\"ImageObject\",\"inLanguage\":\"es\",\"@id\":\"https:\\\/\\\/unionmusicaltorrellano.es\\\/#\\\/schema\\\/logo\\\/image\\\/\",\"url\":\"http:\\\/\\\/unionmusicaltorrellano.es\\\/wp-content\\\/uploads\\\/2019\\\/11\\\/logo2.png\",\"contentUrl\":\"http:\\\/\\\/unionmusicaltorrellano.es\\\/wp-content\\\/uploads\\\/2019\\\/11\\\/logo2.png\",\"width\":159,\"height\":180,\"caption\":\"Union Musical de Torrellano\"},\"image\":{\"@id\":\"https:\\\/\\\/unionmusicaltorrellano.es\\\/#\\\/schema\\\/logo\\\/image\\\/\"},\"sameAs\":[\"https:\\\/\\\/www.facebook.com\\\/umttorrellano\\\/\",\"https:\\\/\\\/www.instagram.com\\\/unionmusicaltorrellano\\\/\"]}]}<\/script>\n<!-- \/ Yoast SEO plugin. -->","yoast_head_json":{"title":"Director - Uni\u00f3n Musical de Torrellano","description":"Union Musical de Torrellano con escuela y banda","robots":{"index":"index","follow":"follow","max-snippet":"max-snippet:-1","max-image-preview":"max-image-preview:large","max-video-preview":"max-video-preview:-1"},"canonical":"https:\/\/unionmusicaltorrellano.es\/index.php\/director\/","og_locale":"es_ES","og_type":"article","og_title":"Director - Uni\u00f3n Musical de Torrellano","og_description":"Union Musical de Torrellano con escuela y banda","og_url":"https:\/\/unionmusicaltorrellano.es\/index.php\/director\/","og_site_name":"Uni\u00f3n Musical de Torrellano","article_publisher":"https:\/\/www.facebook.com\/umttorrellano\/","article_modified_time":"2024-05-26T18:49:53+00:00","og_image":[{"url":"http:\/\/unionmusicaltorrellano.es\/wp-content\/uploads\/elementor\/thumbs\/andres-qoqpik7sgc49ls91l72dxz1i1zyze7phcbxv6g680k.jpg","type":"","width":"","height":""}],"twitter_card":"summary_large_image","twitter_misc":{"Tiempo de lectura":"4 minutos"},"schema":{"@context":"https:\/\/schema.org","@graph":[{"@type":"WebPage","@id":"https:\/\/unionmusicaltorrellano.es\/index.php\/director\/","url":"https:\/\/unionmusicaltorrellano.es\/index.php\/director\/","name":"Director - Uni\u00f3n Musical de Torrellano","isPartOf":{"@id":"https:\/\/unionmusicaltorrellano.es\/#website"},"primaryImageOfPage":{"@id":"https:\/\/unionmusicaltorrellano.es\/index.php\/director\/#primaryimage"},"image":{"@id":"https:\/\/unionmusicaltorrellano.es\/index.php\/director\/#primaryimage"},"thumbnailUrl":"http:\/\/unionmusicaltorrellano.es\/wp-content\/uploads\/elementor\/thumbs\/andres-qoqpik7sgc49ls91l72dxz1i1zyze7phcbxv6g680k.jpg","datePublished":"2019-12-09T20:54:42+00:00","dateModified":"2024-05-26T18:49:53+00:00","description":"Union Musical de Torrellano con escuela y banda","breadcrumb":{"@id":"https:\/\/unionmusicaltorrellano.es\/index.php\/director\/#breadcrumb"},"inLanguage":"es","potentialAction":[{"@type":"ReadAction","target":["https:\/\/unionmusicaltorrellano.es\/index.php\/director\/"]}]},{"@type":"ImageObject","inLanguage":"es","@id":"https:\/\/unionmusicaltorrellano.es\/index.php\/director\/#primaryimage","url":"http:\/\/unionmusicaltorrellano.es\/wp-content\/uploads\/elementor\/thumbs\/andres-qoqpik7sgc49ls91l72dxz1i1zyze7phcbxv6g680k.jpg","contentUrl":"http:\/\/unionmusicaltorrellano.es\/wp-content\/uploads\/elementor\/thumbs\/andres-qoqpik7sgc49ls91l72dxz1i1zyze7phcbxv6g680k.jpg"},{"@type":"BreadcrumbList","@id":"https:\/\/unionmusicaltorrellano.es\/index.php\/director\/#breadcrumb","itemListElement":[{"@type":"ListItem","position":1,"name":"Portada","item":"https:\/\/unionmusicaltorrellano.es\/"},{"@type":"ListItem","position":2,"name":"Director"}]},{"@type":"WebSite","@id":"https:\/\/unionmusicaltorrellano.es\/#website","url":"https:\/\/unionmusicaltorrellano.es\/","name":"Uni\u00f3n Musical de Torrellano","description":"Banda y Escuela de M\u00fasica de Torrellano","publisher":{"@id":"https:\/\/unionmusicaltorrellano.es\/#organization"},"potentialAction":[{"@type":"SearchAction","target":{"@type":"EntryPoint","urlTemplate":"https:\/\/unionmusicaltorrellano.es\/?s={search_term_string}"},"query-input":{"@type":"PropertyValueSpecification","valueRequired":true,"valueName":"search_term_string"}}],"inLanguage":"es"},{"@type":"Organization","@id":"https:\/\/unionmusicaltorrellano.es\/#organization","name":"Union Musical de Torrellano","url":"https:\/\/unionmusicaltorrellano.es\/","logo":{"@type":"ImageObject","inLanguage":"es","@id":"https:\/\/unionmusicaltorrellano.es\/#\/schema\/logo\/image\/","url":"http:\/\/unionmusicaltorrellano.es\/wp-content\/uploads\/2019\/11\/logo2.png","contentUrl":"http:\/\/unionmusicaltorrellano.es\/wp-content\/uploads\/2019\/11\/logo2.png","width":159,"height":180,"caption":"Union Musical de Torrellano"},"image":{"@id":"https:\/\/unionmusicaltorrellano.es\/#\/schema\/logo\/image\/"},"sameAs":["https:\/\/www.facebook.com\/umttorrellano\/","https:\/\/www.instagram.com\/unionmusicaltorrellano\/"]}]}},"_links":{"self":[{"href":"https:\/\/unionmusicaltorrellano.es\/index.php\/wp-json\/wp\/v2\/pages\/2367","targetHints":{"allow":["GET"]}}],"collection":[{"href":"https:\/\/unionmusicaltorrellano.es\/index.php\/wp-json\/wp\/v2\/pages"}],"about":[{"href":"https:\/\/unionmusicaltorrellano.es\/index.php\/wp-json\/wp\/v2\/types\/page"}],"author":[{"embeddable":true,"href":"https:\/\/unionmusicaltorrellano.es\/index.php\/wp-json\/wp\/v2\/users\/1"}],"replies":[{"embeddable":true,"href":"https:\/\/unionmusicaltorrellano.es\/index.php\/wp-json\/wp\/v2\/comments?post=2367"}],"version-history":[{"count":9,"href":"https:\/\/unionmusicaltorrellano.es\/index.php\/wp-json\/wp\/v2\/pages\/2367\/revisions"}],"predecessor-version":[{"id":4118,"href":"https:\/\/unionmusicaltorrellano.es\/index.php\/wp-json\/wp\/v2\/pages\/2367\/revisions\/4118"}],"wp:attachment":[{"href":"https:\/\/unionmusicaltorrellano.es\/index.php\/wp-json\/wp\/v2\/media?parent=2367"}],"curies":[{"name":"wp","href":"https:\/\/api.w.org\/{rel}","templated":true}]}}