{"id":2239,"date":"2019-12-04T18:52:02","date_gmt":"2019-12-04T17:52:02","guid":{"rendered":"http:\/\/unionmusicaltorrellano.es\/?page_id=2239"},"modified":"2026-01-22T19:49:53","modified_gmt":"2026-01-22T18:49:53","slug":"umt","status":"publish","type":"page","link":"https:\/\/unionmusicaltorrellano.es\/","title":{"rendered":"Desde 2009 haciendo m\u00fasica&#8230;"},"content":{"rendered":"\t\t<div data-elementor-type=\"wp-page\" data-elementor-id=\"2239\" class=\"elementor elementor-2239\">\n\t\t\t\t\t\t<section class=\"elementor-section elementor-top-section elementor-element elementor-element-e7ed201 elementor-section-boxed elementor-section-height-default elementor-section-height-default\" data-id=\"e7ed201\" data-element_type=\"section\" data-e-type=\"section\">\n\t\t\t\t\t\t<div class=\"elementor-container elementor-column-gap-default\">\n\t\t\t\t\t<div class=\"elementor-column elementor-col-100 elementor-top-column elementor-element elementor-element-9aad152\" data-id=\"9aad152\" data-element_type=\"column\" data-e-type=\"column\">\n\t\t\t<div class=\"elementor-widget-wrap elementor-element-populated\">\n\t\t\t\t\t\t<div class=\"elementor-element elementor-element-c42e80c elementor-widget-divider--view-line_icon elementor-view-default elementor-widget-divider--element-align-center elementor-widget elementor-widget-divider\" data-id=\"c42e80c\" data-element_type=\"widget\" data-e-type=\"widget\" data-widget_type=\"divider.default\">\n\t\t\t\t<div class=\"elementor-widget-container\">\n\t\t\t\t\t\t\t<div class=\"elementor-divider\">\n\t\t\t<span class=\"elementor-divider-separator\">\n\t\t\t\t\t\t\t<div class=\"elementor-icon elementor-divider__element\">\n\t\t\t\t\t<i aria-hidden=\"true\" class=\"fab fa-itunes-note\"><\/i><\/div>\n\t\t\t\t\t\t<\/span>\n\t\t<\/div>\n\t\t\t\t\t\t<\/div>\n\t\t\t\t<\/div>\n\t\t\t\t\t<\/div>\n\t\t<\/div>\n\t\t\t\t\t<\/div>\n\t\t<\/section>\n\t\t\t\t<section class=\"elementor-section elementor-top-section elementor-element elementor-element-f5d671e elementor-section-full_width elementor-section-height-default elementor-section-height-default\" data-id=\"f5d671e\" data-element_type=\"section\" data-e-type=\"section\">\n\t\t\t\t\t\t<div class=\"elementor-container elementor-column-gap-no\">\n\t\t\t\t\t<div class=\"elementor-column elementor-col-100 elementor-top-column elementor-element elementor-element-ebe0565\" data-id=\"ebe0565\" data-element_type=\"column\" data-e-type=\"column\">\n\t\t\t<div class=\"elementor-widget-wrap elementor-element-populated\">\n\t\t\t\t\t\t<div class=\"elementor-element elementor-element-e9c581e elementor-widget elementor-widget-text-editor\" data-id=\"e9c581e\" data-element_type=\"widget\" data-e-type=\"widget\" data-widget_type=\"text-editor.default\">\n\t\t\t\t<div class=\"elementor-widget-container\">\n\t\t\t\t\t\t\t\t\t<div align=\"justify\">En el a\u00f1o 2009 nace la Uni\u00f3n Musical de Torrellano de la idea de varios vecinos que ve\u00edan que en el pueblo hab\u00eda unas inquietudes musicales que no ten\u00edan donde desarrollarse.<br \/><br \/>Desde entonces y hasta ahora, la Uni\u00f3n Musical de Torrellano ha evolucionado considerablemente. Actualmente, la banda cuenta con una plantilla superior a 40 m\u00fasicos, la mayor\u00eda de los cuales provienen de su escuela. En dicha escuela se imparten clases de los instrumentos propios de banda, adem\u00e1s de guitarra y piano, contando con 11 profesores y casi un centenar de alumnos.<\/div>\t\t\t\t\t\t\t\t<\/div>\n\t\t\t\t<\/div>\n\t\t\t\t\t<\/div>\n\t\t<\/div>\n\t\t\t\t\t<\/div>\n\t\t<\/section>\n\t\t\t\t<section class=\"elementor-section elementor-top-section elementor-element elementor-element-f96df16 elementor-section-full_width elementor-section-height-default elementor-section-height-default\" data-id=\"f96df16\" data-element_type=\"section\" data-e-type=\"section\">\n\t\t\t\t\t\t<div class=\"elementor-container elementor-column-gap-no\">\n\t\t\t\t\t<div class=\"elementor-column elementor-col-100 elementor-top-column elementor-element elementor-element-97eab32\" data-id=\"97eab32\" data-element_type=\"column\" data-e-type=\"column\">\n\t\t\t<div class=\"elementor-widget-wrap elementor-element-populated\">\n\t\t\t\t\t\t<div class=\"elementor-element elementor-element-1480022 elementor-widget-divider--view-line_icon elementor-view-default elementor-widget-divider--element-align-center elementor-widget elementor-widget-divider\" data-id=\"1480022\" data-element_type=\"widget\" data-e-type=\"widget\" data-widget_type=\"divider.default\">\n\t\t\t\t<div class=\"elementor-widget-container\">\n\t\t\t\t\t\t\t<div class=\"elementor-divider\">\n\t\t\t<span class=\"elementor-divider-separator\">\n\t\t\t\t\t\t\t<div class=\"elementor-icon elementor-divider__element\">\n\t\t\t\t\t<i aria-hidden=\"true\" class=\"fab fa-itunes-note\"><\/i><\/div>\n\t\t\t\t\t\t<\/span>\n\t\t<\/div>\n\t\t\t\t\t\t<\/div>\n\t\t\t\t<\/div>\n\t\t\t\t\t<\/div>\n\t\t<\/div>\n\t\t\t\t\t<\/div>\n\t\t<\/section>\n\t\t\t\t<section class=\"elementor-section elementor-top-section elementor-element elementor-element-aaf401a elementor-section-boxed elementor-section-height-default elementor-section-height-default\" data-id=\"aaf401a\" data-element_type=\"section\" data-e-type=\"section\">\n\t\t\t\t\t\t<div class=\"elementor-container elementor-column-gap-default\">\n\t\t\t\t\t<div class=\"elementor-column elementor-col-100 elementor-top-column elementor-element elementor-element-81c5604\" data-id=\"81c5604\" data-element_type=\"column\" data-e-type=\"column\">\n\t\t\t<div class=\"elementor-widget-wrap elementor-element-populated\">\n\t\t\t\t\t\t<div class=\"elementor-element elementor-element-68ec990 elementor-widget elementor-widget-image\" data-id=\"68ec990\" data-element_type=\"widget\" data-e-type=\"widget\" data-widget_type=\"image.default\">\n\t\t\t\t<div class=\"elementor-widget-container\">\n\t\t\t\t\t\t\t\t\t\t\t\t\t\t\t\t<a href=\"http:\/\/unionmusicaltorrellano.es\/index.php\/hazte-socio\/\">\n\t\t\t\t\t\t\t<img decoding=\"async\" width=\"200\" height=\"200\" src=\"https:\/\/unionmusicaltorrellano.es\/wp-content\/uploads\/2019\/11\/f04ef9df-4997-4fb7-86ae-cc9744ac4fbd_200x200.png\" class=\"attachment-large size-large wp-image-2200\" alt=\"\" srcset=\"https:\/\/unionmusicaltorrellano.es\/wp-content\/uploads\/2019\/11\/f04ef9df-4997-4fb7-86ae-cc9744ac4fbd_200x200.png 200w, https:\/\/unionmusicaltorrellano.es\/wp-content\/uploads\/2019\/11\/f04ef9df-4997-4fb7-86ae-cc9744ac4fbd_200x200-150x150.png 150w\" sizes=\"(max-width: 200px) 100vw, 200px\" \/>\t\t\t\t\t\t\t\t<\/a>\n\t\t\t\t\t\t\t\t\t\t\t\t\t\t\t<\/div>\n\t\t\t\t<\/div>\n\t\t\t\t\t<\/div>\n\t\t<\/div>\n\t\t\t\t\t<\/div>\n\t\t<\/section>\n\t\t\t\t<section class=\"elementor-section elementor-top-section elementor-element elementor-element-abb7da6 elementor-section-boxed elementor-section-height-default elementor-section-height-default\" data-id=\"abb7da6\" data-element_type=\"section\" data-e-type=\"section\">\n\t\t\t\t\t\t<div class=\"elementor-container elementor-column-gap-default\">\n\t\t\t\t\t<div class=\"elementor-column elementor-col-100 elementor-top-column elementor-element elementor-element-945f262\" data-id=\"945f262\" data-element_type=\"column\" data-e-type=\"column\">\n\t\t\t<div class=\"elementor-widget-wrap elementor-element-populated\">\n\t\t\t\t\t\t<div class=\"elementor-element elementor-element-743c656 elementor-widget-divider--view-line_icon elementor-view-default elementor-widget-divider--element-align-center elementor-widget elementor-widget-divider\" data-id=\"743c656\" data-element_type=\"widget\" data-e-type=\"widget\" data-widget_type=\"divider.default\">\n\t\t\t\t<div class=\"elementor-widget-container\">\n\t\t\t\t\t\t\t<div class=\"elementor-divider\">\n\t\t\t<span class=\"elementor-divider-separator\">\n\t\t\t\t\t\t\t<div class=\"elementor-icon elementor-divider__element\">\n\t\t\t\t\t<i aria-hidden=\"true\" class=\"fab fa-itunes-note\"><\/i><\/div>\n\t\t\t\t\t\t<\/span>\n\t\t<\/div>\n\t\t\t\t\t\t<\/div>\n\t\t\t\t<\/div>\n\t\t\t\t\t<\/div>\n\t\t<\/div>\n\t\t\t\t\t<\/div>\n\t\t<\/section>\n\t\t\t\t<section class=\"elementor-section elementor-top-section elementor-element elementor-element-047d549 elementor-section-boxed elementor-section-height-default elementor-section-height-default\" data-id=\"047d549\" data-element_type=\"section\" data-e-type=\"section\">\n\t\t\t\t\t\t<div class=\"elementor-container elementor-column-gap-default\">\n\t\t\t\t\t<div class=\"elementor-column elementor-col-50 elementor-top-column elementor-element elementor-element-8e09e3d\" data-id=\"8e09e3d\" data-element_type=\"column\" data-e-type=\"column\">\n\t\t\t<div class=\"elementor-widget-wrap elementor-element-populated\">\n\t\t\t\t\t\t<div class=\"elementor-element elementor-element-2525235 elementor-widget elementor-widget-image\" data-id=\"2525235\" data-element_type=\"widget\" data-e-type=\"widget\" data-widget_type=\"image.default\">\n\t\t\t\t<div class=\"elementor-widget-container\">\n\t\t\t\t\t\t\t\t\t\t\t\t\t\t\t<img decoding=\"async\" width=\"215\" height=\"90\" src=\"https:\/\/unionmusicaltorrellano.es\/wp-content\/uploads\/2025\/04\/Logo-ayto-elche-nuevo-2024.png\" class=\"attachment-large size-large wp-image-4263\" alt=\"\" \/>\t\t\t\t\t\t\t\t\t\t\t\t\t\t\t<\/div>\n\t\t\t\t<\/div>\n\t\t\t\t\t<\/div>\n\t\t<\/div>\n\t\t\t\t<div class=\"elementor-column elementor-col-50 elementor-top-column elementor-element elementor-element-1d1a1fe\" data-id=\"1d1a1fe\" data-element_type=\"column\" data-e-type=\"column\">\n\t\t\t<div class=\"elementor-widget-wrap elementor-element-populated\">\n\t\t\t\t\t\t<div class=\"elementor-element elementor-element-72bb11b elementor-widget elementor-widget-text-editor\" data-id=\"72bb11b\" data-element_type=\"widget\" data-e-type=\"widget\" data-widget_type=\"text-editor.default\">\n\t\t\t\t<div class=\"elementor-widget-container\">\n\t\t\t\t\t\t\t\t\t<p><strong>Agradecimiento al Ayuntamiento de Elche : <\/strong>Nos complace informar que el Ayuntamiento de Elche nos ha otorgado una subvenci\u00f3n de 12.000 \u20ac para apoyar nuestras actividades durante este a\u00f1o 2026.<\/p>\t\t\t\t\t\t\t\t<\/div>\n\t\t\t\t<\/div>\n\t\t\t\t\t<\/div>\n\t\t<\/div>\n\t\t\t\t\t<\/div>\n\t\t<\/section>\n\t\t\t\t<section class=\"elementor-section elementor-top-section elementor-element elementor-element-c0e010e elementor-section-boxed elementor-section-height-default elementor-section-height-default\" data-id=\"c0e010e\" data-element_type=\"section\" data-e-type=\"section\">\n\t\t\t\t\t\t<div class=\"elementor-container elementor-column-gap-default\">\n\t\t\t\t\t<div class=\"elementor-column elementor-col-100 elementor-top-column elementor-element elementor-element-1a3f332\" data-id=\"1a3f332\" data-element_type=\"column\" data-e-type=\"column\">\n\t\t\t<div class=\"elementor-widget-wrap elementor-element-populated\">\n\t\t\t\t\t\t<div class=\"elementor-element elementor-element-21c25c4 elementor-widget-divider--view-line elementor-widget elementor-widget-divider\" data-id=\"21c25c4\" data-element_type=\"widget\" data-e-type=\"widget\" data-widget_type=\"divider.default\">\n\t\t\t\t<div class=\"elementor-widget-container\">\n\t\t\t\t\t\t\t<div class=\"elementor-divider\">\n\t\t\t<span class=\"elementor-divider-separator\">\n\t\t\t\t\t\t<\/span>\n\t\t<\/div>\n\t\t\t\t\t\t<\/div>\n\t\t\t\t<\/div>\n\t\t\t\t\t<\/div>\n\t\t<\/div>\n\t\t\t\t\t<\/div>\n\t\t<\/section>\n\t\t\t\t<section class=\"elementor-section elementor-top-section elementor-element elementor-element-8fcbb05 elementor-section-boxed elementor-section-height-default elementor-section-height-default\" data-id=\"8fcbb05\" data-element_type=\"section\" data-e-type=\"section\">\n\t\t\t\t\t\t<div class=\"elementor-container elementor-column-gap-default\">\n\t\t\t\t\t<div class=\"elementor-column elementor-col-100 elementor-top-column elementor-element elementor-element-e659a6a\" data-id=\"e659a6a\" data-element_type=\"column\" data-e-type=\"column\">\n\t\t\t<div class=\"elementor-widget-wrap elementor-element-populated\">\n\t\t\t\t\t\t<div class=\"elementor-element elementor-element-de55b02 elementor-widget elementor-widget-spacer\" data-id=\"de55b02\" data-element_type=\"widget\" data-e-type=\"widget\" data-widget_type=\"spacer.default\">\n\t\t\t\t<div class=\"elementor-widget-container\">\n\t\t\t\t\t\t\t<div class=\"elementor-spacer\">\n\t\t\t<div class=\"elementor-spacer-inner\"><\/div>\n\t\t<\/div>\n\t\t\t\t\t\t<\/div>\n\t\t\t\t<\/div>\n\t\t\t\t\t<\/div>\n\t\t<\/div>\n\t\t\t\t\t<\/div>\n\t\t<\/section>\n\t\t\t\t<section class=\"elementor-section elementor-top-section elementor-element elementor-element-7d576f8 elementor-section-content-top elementor-section-stretched elementor-section-boxed elementor-section-height-default elementor-section-height-default\" data-id=\"7d576f8\" data-element_type=\"section\" data-e-type=\"section\" data-settings=\"{&quot;stretch_section&quot;:&quot;section-stretched&quot;,&quot;background_background&quot;:&quot;classic&quot;,&quot;shape_divider_top&quot;:&quot;waves&quot;}\">\n\t\t\t\t\t<div class=\"elementor-shape elementor-shape-top\" aria-hidden=\"true\" data-negative=\"false\">\n\t\t\t<svg xmlns=\"http:\/\/www.w3.org\/2000\/svg\" viewBox=\"0 0 1000 100\" preserveAspectRatio=\"none\">\n\t<path class=\"elementor-shape-fill\" d=\"M421.9,6.5c22.6-2.5,51.5,0.4,75.5,5.3c23.6,4.9,70.9,23.5,100.5,35.7c75.8,32.2,133.7,44.5,192.6,49.7\n\tc23.6,2.1,48.7,3.5,103.4-2.5c54.7-6,106.2-25.6,106.2-25.6V0H0v30.3c0,0,72,32.6,158.4,30.5c39.2-0.7,92.8-6.7,134-22.4\n\tc21.2-8.1,52.2-18.2,79.7-24.2C399.3,7.9,411.6,7.5,421.9,6.5z\"\/>\n<\/svg>\t\t<\/div>\n\t\t\t\t\t<div class=\"elementor-container elementor-column-gap-extended\">\n\t\t\t\t\t<div class=\"elementor-column elementor-col-33 elementor-top-column elementor-element elementor-element-6bc3c12\" data-id=\"6bc3c12\" data-element_type=\"column\" data-e-type=\"column\">\n\t\t\t<div class=\"elementor-widget-wrap elementor-element-populated\">\n\t\t\t\t\t\t<div class=\"elementor-element elementor-element-d7b679e elementor-widget elementor-widget-image\" data-id=\"d7b679e\" data-element_type=\"widget\" data-e-type=\"widget\" data-widget_type=\"image.default\">\n\t\t\t\t<div class=\"elementor-widget-container\">\n\t\t\t\t\t\t\t\t\t\t\t\t\t\t\t<img decoding=\"async\" src=\"https:\/\/unionmusicaltorrellano.es\/wp-content\/uploads\/2021\/11\/logo-diputacion-azul.png\" title=\"logo-diputacion-azul\" alt=\"logo-diputacion-azul\" loading=\"lazy\" \/>\t\t\t\t\t\t\t\t\t\t\t\t\t\t\t<\/div>\n\t\t\t\t<\/div>\n\t\t\t\t\t<\/div>\n\t\t<\/div>\n\t\t\t\t<div class=\"elementor-column elementor-col-66 elementor-top-column elementor-element elementor-element-c3488a7\" data-id=\"c3488a7\" data-element_type=\"column\" data-e-type=\"column\">\n\t\t\t<div class=\"elementor-widget-wrap elementor-element-populated\">\n\t\t\t\t\t\t<div class=\"elementor-element elementor-element-479e1b7 elementor-widget elementor-widget-text-editor\" data-id=\"479e1b7\" data-element_type=\"widget\" data-e-type=\"widget\" data-widget_type=\"text-editor.default\">\n\t\t\t\t<div class=\"elementor-widget-container\">\n\t\t\t\t\t\t\t\t\t<p>Partituras adquiridas por el patrocinio de la Excelent\u00edsima Diputaci\u00f3n de Alicante a trav\u00e9s de la Subvenci\u00f3n a sociedades Musicales de la provincia de Alicante para la adquisici\u00f3n de partituras, tablets, pizarras t\u00e1ctiles y mamparas.<\/p>\t\t\t\t\t\t\t\t<\/div>\n\t\t\t\t<\/div>\n\t\t\t\t\t<\/div>\n\t\t<\/div>\n\t\t\t\t\t<\/div>\n\t\t<\/section>\n\t\t\t\t<\/div>\n\t\t","protected":false},"excerpt":{"rendered":"<p>En el a\u00f1o 2009 nace la Uni\u00f3n Musical de Torrellano de la idea de varios vecinos que ve\u00edan que en el pueblo hab\u00eda unas inquietudes musicales que no ten\u00edan donde desarrollarse. Desde entonces y hasta ahora, la Uni\u00f3n Musical de Torrellano ha evolucionado considerablemente. Actualmente, la banda cuenta con una plantilla superior a 40 m\u00fasicos, [&hellip;]<\/p>\n","protected":false},"author":1,"featured_media":0,"parent":0,"menu_order":0,"comment_status":"closed","ping_status":"closed","template":"","meta":{"footnotes":""},"class_list":["post-2239","page","type-page","status-publish","hentry"],"yoast_head":"<!-- This site is optimized with the Yoast SEO plugin v27.5 - https:\/\/yoast.com\/product\/yoast-seo-wordpress\/ -->\n<title>Desde 2009 haciendo m\u00fasica... - Uni\u00f3n Musical de Torrellano<\/title>\n<meta name=\"description\" content=\"Union Musical de Torrellano con escuela y banda\" \/>\n<meta name=\"robots\" content=\"index, follow, max-snippet:-1, max-image-preview:large, max-video-preview:-1\" \/>\n<link rel=\"canonical\" href=\"https:\/\/unionmusicaltorrellano.es\/\" \/>\n<meta property=\"og:locale\" content=\"es_ES\" \/>\n<meta property=\"og:type\" content=\"article\" \/>\n<meta property=\"og:title\" content=\"Desde 2009 haciendo m\u00fasica... - Uni\u00f3n Musical de Torrellano\" \/>\n<meta property=\"og:description\" content=\"Union Musical de Torrellano con escuela y banda\" \/>\n<meta property=\"og:url\" content=\"https:\/\/unionmusicaltorrellano.es\/\" \/>\n<meta property=\"og:site_name\" content=\"Uni\u00f3n Musical de Torrellano\" \/>\n<meta property=\"article:publisher\" content=\"https:\/\/www.facebook.com\/umttorrellano\/\" \/>\n<meta property=\"article:modified_time\" content=\"2026-01-22T18:49:53+00:00\" \/>\n<meta property=\"og:image\" content=\"https:\/\/unionmusicaltorrellano.es\/wp-content\/uploads\/2019\/11\/f04ef9df-4997-4fb7-86ae-cc9744ac4fbd_200x200.png\" \/>\n\t<meta property=\"og:image:width\" content=\"200\" \/>\n\t<meta property=\"og:image:height\" content=\"200\" \/>\n\t<meta property=\"og:image:type\" content=\"image\/png\" \/>\n<meta name=\"twitter:card\" content=\"summary_large_image\" \/>\n<meta name=\"twitter:label1\" content=\"Tiempo de lectura\" \/>\n\t<meta name=\"twitter:data1\" content=\"2 minutos\" \/>\n<script type=\"application\/ld+json\" class=\"yoast-schema-graph\">{\"@context\":\"https:\\\/\\\/schema.org\",\"@graph\":[{\"@type\":\"WebPage\",\"@id\":\"https:\\\/\\\/unionmusicaltorrellano.es\\\/\",\"url\":\"https:\\\/\\\/unionmusicaltorrellano.es\\\/\",\"name\":\"Desde 2009 haciendo m\u00fasica... - Uni\u00f3n Musical de Torrellano\",\"isPartOf\":{\"@id\":\"https:\\\/\\\/unionmusicaltorrellano.es\\\/#website\"},\"primaryImageOfPage\":{\"@id\":\"https:\\\/\\\/unionmusicaltorrellano.es\\\/#primaryimage\"},\"image\":{\"@id\":\"https:\\\/\\\/unionmusicaltorrellano.es\\\/#primaryimage\"},\"thumbnailUrl\":\"http:\\\/\\\/unionmusicaltorrellano.es\\\/wp-content\\\/uploads\\\/2019\\\/11\\\/f04ef9df-4997-4fb7-86ae-cc9744ac4fbd_200x200.png\",\"datePublished\":\"2019-12-04T17:52:02+00:00\",\"dateModified\":\"2026-01-22T18:49:53+00:00\",\"description\":\"Union Musical de Torrellano con escuela y banda\",\"breadcrumb\":{\"@id\":\"https:\\\/\\\/unionmusicaltorrellano.es\\\/#breadcrumb\"},\"inLanguage\":\"es\",\"potentialAction\":[{\"@type\":\"ReadAction\",\"target\":[\"https:\\\/\\\/unionmusicaltorrellano.es\\\/\"]}]},{\"@type\":\"ImageObject\",\"inLanguage\":\"es\",\"@id\":\"https:\\\/\\\/unionmusicaltorrellano.es\\\/#primaryimage\",\"url\":\"https:\\\/\\\/unionmusicaltorrellano.es\\\/wp-content\\\/uploads\\\/2019\\\/11\\\/f04ef9df-4997-4fb7-86ae-cc9744ac4fbd_200x200.png\",\"contentUrl\":\"https:\\\/\\\/unionmusicaltorrellano.es\\\/wp-content\\\/uploads\\\/2019\\\/11\\\/f04ef9df-4997-4fb7-86ae-cc9744ac4fbd_200x200.png\",\"width\":200,\"height\":200},{\"@type\":\"BreadcrumbList\",\"@id\":\"https:\\\/\\\/unionmusicaltorrellano.es\\\/#breadcrumb\",\"itemListElement\":[{\"@type\":\"ListItem\",\"position\":1,\"name\":\"Portada\",\"item\":\"https:\\\/\\\/unionmusicaltorrellano.es\\\/\"},{\"@type\":\"ListItem\",\"position\":2,\"name\":\"Desde 2009 haciendo m\u00fasica&#8230;\"}]},{\"@type\":\"WebSite\",\"@id\":\"https:\\\/\\\/unionmusicaltorrellano.es\\\/#website\",\"url\":\"https:\\\/\\\/unionmusicaltorrellano.es\\\/\",\"name\":\"Uni\u00f3n Musical de Torrellano\",\"description\":\"Banda y Escuela de M\u00fasica de Torrellano\",\"publisher\":{\"@id\":\"https:\\\/\\\/unionmusicaltorrellano.es\\\/#organization\"},\"potentialAction\":[{\"@type\":\"SearchAction\",\"target\":{\"@type\":\"EntryPoint\",\"urlTemplate\":\"https:\\\/\\\/unionmusicaltorrellano.es\\\/?s={search_term_string}\"},\"query-input\":{\"@type\":\"PropertyValueSpecification\",\"valueRequired\":true,\"valueName\":\"search_term_string\"}}],\"inLanguage\":\"es\"},{\"@type\":\"Organization\",\"@id\":\"https:\\\/\\\/unionmusicaltorrellano.es\\\/#organization\",\"name\":\"Union Musical de Torrellano\",\"url\":\"https:\\\/\\\/unionmusicaltorrellano.es\\\/\",\"logo\":{\"@type\":\"ImageObject\",\"inLanguage\":\"es\",\"@id\":\"https:\\\/\\\/unionmusicaltorrellano.es\\\/#\\\/schema\\\/logo\\\/image\\\/\",\"url\":\"http:\\\/\\\/unionmusicaltorrellano.es\\\/wp-content\\\/uploads\\\/2019\\\/11\\\/logo2.png\",\"contentUrl\":\"http:\\\/\\\/unionmusicaltorrellano.es\\\/wp-content\\\/uploads\\\/2019\\\/11\\\/logo2.png\",\"width\":159,\"height\":180,\"caption\":\"Union Musical de Torrellano\"},\"image\":{\"@id\":\"https:\\\/\\\/unionmusicaltorrellano.es\\\/#\\\/schema\\\/logo\\\/image\\\/\"},\"sameAs\":[\"https:\\\/\\\/www.facebook.com\\\/umttorrellano\\\/\",\"https:\\\/\\\/www.instagram.com\\\/unionmusicaltorrellano\\\/\"]}]}<\/script>\n<!-- \/ Yoast SEO plugin. -->","yoast_head_json":{"title":"Desde 2009 haciendo m\u00fasica... - Uni\u00f3n Musical de Torrellano","description":"Union Musical de Torrellano con escuela y banda","robots":{"index":"index","follow":"follow","max-snippet":"max-snippet:-1","max-image-preview":"max-image-preview:large","max-video-preview":"max-video-preview:-1"},"canonical":"https:\/\/unionmusicaltorrellano.es\/","og_locale":"es_ES","og_type":"article","og_title":"Desde 2009 haciendo m\u00fasica... - Uni\u00f3n Musical de Torrellano","og_description":"Union Musical de Torrellano con escuela y banda","og_url":"https:\/\/unionmusicaltorrellano.es\/","og_site_name":"Uni\u00f3n Musical de Torrellano","article_publisher":"https:\/\/www.facebook.com\/umttorrellano\/","article_modified_time":"2026-01-22T18:49:53+00:00","og_image":[{"width":200,"height":200,"url":"https:\/\/unionmusicaltorrellano.es\/wp-content\/uploads\/2019\/11\/f04ef9df-4997-4fb7-86ae-cc9744ac4fbd_200x200.png","type":"image\/png"}],"twitter_card":"summary_large_image","twitter_misc":{"Tiempo de lectura":"2 minutos"},"schema":{"@context":"https:\/\/schema.org","@graph":[{"@type":"WebPage","@id":"https:\/\/unionmusicaltorrellano.es\/","url":"https:\/\/unionmusicaltorrellano.es\/","name":"Desde 2009 haciendo m\u00fasica... - Uni\u00f3n Musical de Torrellano","isPartOf":{"@id":"https:\/\/unionmusicaltorrellano.es\/#website"},"primaryImageOfPage":{"@id":"https:\/\/unionmusicaltorrellano.es\/#primaryimage"},"image":{"@id":"https:\/\/unionmusicaltorrellano.es\/#primaryimage"},"thumbnailUrl":"http:\/\/unionmusicaltorrellano.es\/wp-content\/uploads\/2019\/11\/f04ef9df-4997-4fb7-86ae-cc9744ac4fbd_200x200.png","datePublished":"2019-12-04T17:52:02+00:00","dateModified":"2026-01-22T18:49:53+00:00","description":"Union Musical de Torrellano con escuela y banda","breadcrumb":{"@id":"https:\/\/unionmusicaltorrellano.es\/#breadcrumb"},"inLanguage":"es","potentialAction":[{"@type":"ReadAction","target":["https:\/\/unionmusicaltorrellano.es\/"]}]},{"@type":"ImageObject","inLanguage":"es","@id":"https:\/\/unionmusicaltorrellano.es\/#primaryimage","url":"https:\/\/unionmusicaltorrellano.es\/wp-content\/uploads\/2019\/11\/f04ef9df-4997-4fb7-86ae-cc9744ac4fbd_200x200.png","contentUrl":"https:\/\/unionmusicaltorrellano.es\/wp-content\/uploads\/2019\/11\/f04ef9df-4997-4fb7-86ae-cc9744ac4fbd_200x200.png","width":200,"height":200},{"@type":"BreadcrumbList","@id":"https:\/\/unionmusicaltorrellano.es\/#breadcrumb","itemListElement":[{"@type":"ListItem","position":1,"name":"Portada","item":"https:\/\/unionmusicaltorrellano.es\/"},{"@type":"ListItem","position":2,"name":"Desde 2009 haciendo m\u00fasica&#8230;"}]},{"@type":"WebSite","@id":"https:\/\/unionmusicaltorrellano.es\/#website","url":"https:\/\/unionmusicaltorrellano.es\/","name":"Uni\u00f3n Musical de Torrellano","description":"Banda y Escuela de M\u00fasica de Torrellano","publisher":{"@id":"https:\/\/unionmusicaltorrellano.es\/#organization"},"potentialAction":[{"@type":"SearchAction","target":{"@type":"EntryPoint","urlTemplate":"https:\/\/unionmusicaltorrellano.es\/?s={search_term_string}"},"query-input":{"@type":"PropertyValueSpecification","valueRequired":true,"valueName":"search_term_string"}}],"inLanguage":"es"},{"@type":"Organization","@id":"https:\/\/unionmusicaltorrellano.es\/#organization","name":"Union Musical de Torrellano","url":"https:\/\/unionmusicaltorrellano.es\/","logo":{"@type":"ImageObject","inLanguage":"es","@id":"https:\/\/unionmusicaltorrellano.es\/#\/schema\/logo\/image\/","url":"http:\/\/unionmusicaltorrellano.es\/wp-content\/uploads\/2019\/11\/logo2.png","contentUrl":"http:\/\/unionmusicaltorrellano.es\/wp-content\/uploads\/2019\/11\/logo2.png","width":159,"height":180,"caption":"Union Musical de Torrellano"},"image":{"@id":"https:\/\/unionmusicaltorrellano.es\/#\/schema\/logo\/image\/"},"sameAs":["https:\/\/www.facebook.com\/umttorrellano\/","https:\/\/www.instagram.com\/unionmusicaltorrellano\/"]}]}},"_links":{"self":[{"href":"https:\/\/unionmusicaltorrellano.es\/index.php\/wp-json\/wp\/v2\/pages\/2239","targetHints":{"allow":["GET"]}}],"collection":[{"href":"https:\/\/unionmusicaltorrellano.es\/index.php\/wp-json\/wp\/v2\/pages"}],"about":[{"href":"https:\/\/unionmusicaltorrellano.es\/index.php\/wp-json\/wp\/v2\/types\/page"}],"author":[{"embeddable":true,"href":"https:\/\/unionmusicaltorrellano.es\/index.php\/wp-json\/wp\/v2\/users\/1"}],"replies":[{"embeddable":true,"href":"https:\/\/unionmusicaltorrellano.es\/index.php\/wp-json\/wp\/v2\/comments?post=2239"}],"version-history":[{"count":99,"href":"https:\/\/unionmusicaltorrellano.es\/index.php\/wp-json\/wp\/v2\/pages\/2239\/revisions"}],"predecessor-version":[{"id":4328,"href":"https:\/\/unionmusicaltorrellano.es\/index.php\/wp-json\/wp\/v2\/pages\/2239\/revisions\/4328"}],"wp:attachment":[{"href":"https:\/\/unionmusicaltorrellano.es\/index.php\/wp-json\/wp\/v2\/media?parent=2239"}],"curies":[{"name":"wp","href":"https:\/\/api.w.org\/{rel}","templated":true}]}}